{"id":44,"date":"2021-06-14T17:02:54","date_gmt":"2021-06-14T15:02:54","guid":{"rendered":"http:\/\/pizza-yo.fr\/index.php\/teluro\/"},"modified":"2022-04-12T13:35:48","modified_gmt":"2022-04-12T11:35:48","slug":"pizzayo-food-trucks-roussillon","status":"publish","type":"page","link":"https:\/\/pizza-yo.fr\/","title":{"rendered":"Pizza&rsquo;Yo"},"content":{"rendered":"\n<figure class=\"wp-block-image size-large\"><img decoding=\"async\" loading=\"lazy\" width=\"1024\" height=\"421\" src=\"http:\/\/pizza-yo.fr\/wp-content\/uploads\/2021\/06\/cropped-PIZZA-YO-LOGO-1024x421.png\" alt=\"Le logo du food trucks de Pizza'Yo.\" class=\"wp-image-121\" srcset=\"https:\/\/pizza-yo.fr\/wp-content\/uploads\/2021\/06\/cropped-PIZZA-YO-LOGO-1024x421.png 1024w, https:\/\/pizza-yo.fr\/wp-content\/uploads\/2021\/06\/cropped-PIZZA-YO-LOGO-300x123.png 300w, https:\/\/pizza-yo.fr\/wp-content\/uploads\/2021\/06\/cropped-PIZZA-YO-LOGO-768x316.png 768w, https:\/\/pizza-yo.fr\/wp-content\/uploads\/2021\/06\/cropped-PIZZA-YO-LOGO-1536x632.png 1536w, https:\/\/pizza-yo.fr\/wp-content\/uploads\/2021\/06\/cropped-PIZZA-YO-LOGO.png 2000w\" sizes=\"(max-width: 1024px) 100vw, 1024px\" \/><\/figure>\n\n\n\n<p>Pizza&rsquo;Yo c&rsquo;est un food trucks situ\u00e9 place de la R\u00e9publique \u00e0 Roussillon, du mercredi au dimanche \u00e0 partir de 17 h 30.  Nous vous proposons des pizzas pour tous.<\/p>\n\n\n\n<div class=\"wp-block-buttons is-layout-flex\">\n<div class=\"wp-block-button\"><a class=\"wp-block-button__link\" href=\"http:\/\/pizza-yo.fr\/index.php\/nos-pizzas\/\">Nos pizzas<\/a><\/div>\n\n\n\n<div class=\"wp-block-button\"><a class=\"wp-block-button__link\" href=\"https:\/\/www.facebook.com\/Pizza-yo-293602234791510\/\">Page Facebook<\/a><\/div>\n<\/div>\n","protected":false},"excerpt":{"rendered":"<p>Pizza&rsquo;Yo c&rsquo;est un food trucks situ\u00e9 place de la R\u00e9publique \u00e0 Roussillon, du mercredi au dimanche \u00e0 partir de 17 h 30. Nous vous proposons des pizzas pour tous.<\/p>\n","protected":false},"author":1,"featured_media":0,"parent":0,"menu_order":0,"comment_status":"closed","ping_status":"closed","template":"page-templates\/homepage.php","meta":[],"yoast_head":"<!-- This site is optimized with the Yoast SEO plugin v16.6.1 - https:\/\/yoast.com\/wordpress\/plugins\/seo\/ -->\n<title>Pizza&#039;Yo food trucks Roussillon, du mercredi au dimanche<\/title>\n<meta name=\"description\" content=\"Pizza&#039;Yo food trucks install\u00e9 sur la place de la R\u00e9publique \u00e0 Roussillon propose diff\u00e9rente saveurs de pizza. \u00c0 partir de 17 h 30.\" \/>\n<meta name=\"robots\" content=\"index, follow, max-snippet:-1, max-image-preview:large, max-video-preview:-1\" \/>\n<link rel=\"canonical\" href=\"https:\/\/pizza-yo.fr\/\" \/>\n<meta property=\"og:locale\" content=\"fr_FR\" \/>\n<meta property=\"og:type\" content=\"article\" \/>\n<meta property=\"og:title\" content=\"Pizza&#039;Yo food trucks Roussillon, du mercredi au dimanche\" \/>\n<meta property=\"og:description\" content=\"Pizza&#039;Yo food trucks install\u00e9 sur la place de la R\u00e9publique \u00e0 Roussillon propose diff\u00e9rente saveurs de pizza. \u00c0 partir de 17 h 30.\" \/>\n<meta property=\"og:url\" content=\"https:\/\/pizza-yo.fr\/\" \/>\n<meta property=\"og:site_name\" content=\"Pizza&#039;Yo\" \/>\n<meta property=\"article:modified_time\" content=\"2022-04-12T11:35:48+00:00\" \/>\n<meta property=\"og:image\" content=\"http:\/\/pizza-yo.fr\/wp-content\/uploads\/2021\/06\/cropped-PIZZA-YO-LOGO-1024x421.png\" \/>\n<meta name=\"twitter:card\" content=\"summary_large_image\" \/>\n<meta name=\"twitter:label1\" content=\"Dur\u00e9e de lecture est.\" \/>\n\t<meta name=\"twitter:data1\" content=\"1 minute\" \/>\n<script type=\"application\/ld+json\" class=\"yoast-schema-graph\">{\"@context\":\"https:\/\/schema.org\",\"@graph\":[{\"@type\":\"Organization\",\"@id\":\"https:\/\/pizza-yo.fr\/#organization\",\"name\":\"Pizza Yo\",\"url\":\"https:\/\/pizza-yo.fr\/\",\"sameAs\":[],\"logo\":{\"@type\":\"ImageObject\",\"@id\":\"https:\/\/pizza-yo.fr\/#logo\",\"inLanguage\":\"fr-BE\",\"url\":\"http:\/\/pizza-yo.fr\/wp-content\/uploads\/2021\/06\/cropped-PIZZA-YO-LOGO.png\",\"contentUrl\":\"http:\/\/pizza-yo.fr\/wp-content\/uploads\/2021\/06\/cropped-PIZZA-YO-LOGO.png\",\"width\":2000,\"height\":823,\"caption\":\"Pizza Yo\"},\"image\":{\"@id\":\"https:\/\/pizza-yo.fr\/#logo\"}},{\"@type\":\"WebSite\",\"@id\":\"https:\/\/pizza-yo.fr\/#website\",\"url\":\"https:\/\/pizza-yo.fr\/\",\"name\":\"PizzaYo\",\"description\":\"Depuis 20 ans\",\"publisher\":{\"@id\":\"https:\/\/pizza-yo.fr\/#organization\"},\"potentialAction\":[{\"@type\":\"SearchAction\",\"target\":{\"@type\":\"EntryPoint\",\"urlTemplate\":\"https:\/\/pizza-yo.fr\/?s={search_term_string}\"},\"query-input\":\"required name=search_term_string\"}],\"inLanguage\":\"fr-BE\"},{\"@type\":\"ImageObject\",\"@id\":\"https:\/\/pizza-yo.fr\/#primaryimage\",\"inLanguage\":\"fr-BE\",\"url\":\"http:\/\/pizza-yo.fr\/wp-content\/uploads\/2021\/06\/cropped-PIZZA-YO-LOGO-1024x421.png\",\"contentUrl\":\"http:\/\/pizza-yo.fr\/wp-content\/uploads\/2021\/06\/cropped-PIZZA-YO-LOGO-1024x421.png\"},{\"@type\":\"WebPage\",\"@id\":\"https:\/\/pizza-yo.fr\/#webpage\",\"url\":\"https:\/\/pizza-yo.fr\/\",\"name\":\"Pizza'Yo food trucks Roussillon, du mercredi au dimanche\",\"isPartOf\":{\"@id\":\"https:\/\/pizza-yo.fr\/#website\"},\"primaryImageOfPage\":{\"@id\":\"https:\/\/pizza-yo.fr\/#primaryimage\"},\"datePublished\":\"2021-06-14T15:02:54+00:00\",\"dateModified\":\"2022-04-12T11:35:48+00:00\",\"description\":\"Pizza'Yo food trucks install\\u00e9 sur la place de la R\\u00e9publique \\u00e0 Roussillon propose diff\\u00e9rente saveurs de pizza. \\u00c0 partir de 17 h 30.\",\"breadcrumb\":{\"@id\":\"https:\/\/pizza-yo.fr\/#breadcrumb\"},\"inLanguage\":\"fr-BE\",\"potentialAction\":[{\"@type\":\"ReadAction\",\"target\":[\"https:\/\/pizza-yo.fr\/\"]}]},{\"@type\":\"BreadcrumbList\",\"@id\":\"https:\/\/pizza-yo.fr\/#breadcrumb\",\"itemListElement\":[{\"@type\":\"ListItem\",\"position\":1,\"name\":\"Accueil\",\"item\":\"https:\/\/pizza-yo.fr\/\"},{\"@type\":\"ListItem\",\"position\":2,\"name\":\"Pizza&rsquo;Yo\"}]}]}<\/script>\n<!-- \/ Yoast SEO plugin. -->","_links":{"self":[{"href":"https:\/\/pizza-yo.fr\/index.php\/wp-json\/wp\/v2\/pages\/44"}],"collection":[{"href":"https:\/\/pizza-yo.fr\/index.php\/wp-json\/wp\/v2\/pages"}],"about":[{"href":"https:\/\/pizza-yo.fr\/index.php\/wp-json\/wp\/v2\/types\/page"}],"author":[{"embeddable":true,"href":"https:\/\/pizza-yo.fr\/index.php\/wp-json\/wp\/v2\/users\/1"}],"replies":[{"embeddable":true,"href":"https:\/\/pizza-yo.fr\/index.php\/wp-json\/wp\/v2\/comments?post=44"}],"version-history":[{"count":8,"href":"https:\/\/pizza-yo.fr\/index.php\/wp-json\/wp\/v2\/pages\/44\/revisions"}],"predecessor-version":[{"id":183,"href":"https:\/\/pizza-yo.fr\/index.php\/wp-json\/wp\/v2\/pages\/44\/revisions\/183"}],"wp:attachment":[{"href":"https:\/\/pizza-yo.fr\/index.php\/wp-json\/wp\/v2\/media?parent=44"}],"curies":[{"name":"wp","href":"https:\/\/api.w.org\/{rel}","templated":true}]}}